{"id":4486,"date":"2018-03-21T20:54:16","date_gmt":"2018-03-21T19:54:16","guid":{"rendered":"https:\/\/www.brumi.it\/?page_id=4486"},"modified":"2024-08-07T14:15:09","modified_gmt":"2024-08-07T12:15:09","slug":"productos","status":"publish","type":"page","link":"https:\/\/www.brumi.it\/es\/productos\/","title":{"rendered":"Productos para producir"},"content":{"rendered":"<p>De la tierra a la planta &#8211; de las motoazadas, motocultores y motosegadoras a los sacudidores &#8211; la misi\u00f3n de Brumi es preocuparse de facilitar el trabajo necesario para conseguir el mejor fruto, maximizando la calidad y reduciendo al m\u00ednimo el esfuerzo del operador. M\u00e1quinas agr\u00edcolas profesionales, modernas, f\u00e1ciles de usar y multifunci\u00f3n, dise\u00f1adas persiguiendo la calidad como \u00fanico valor.<\/p>\n","protected":false},"excerpt":{"rendered":"<p>De la tierra a la planta &#8211; de las motoazadas, motocultores y motosegadoras a los sacudidores &#8211; la misi\u00f3n de&nbsp; &hellip; <\/p>\n","protected":false},"author":1,"featured_media":0,"parent":0,"menu_order":3,"comment_status":"closed","ping_status":"closed","template":"page-prodotti-senza-linee.php","meta":{"content-type":"","footnotes":""},"class_list":["post-4486","page","type-page","status-publish","hentry"],"yoast_head":"<!-- This site is optimized with the Yoast SEO plugin v26.5 - https:\/\/yoast.com\/wordpress\/plugins\/seo\/ -->\n<title>Productos para producir - BRUMI<\/title>\n<meta name=\"robots\" content=\"index, follow, max-snippet:-1, max-image-preview:large, max-video-preview:-1\" \/>\n<link rel=\"canonical\" href=\"https:\/\/www.brumi.it\/es\/productos\/\" \/>\n<meta property=\"og:locale\" content=\"es_ES\" \/>\n<meta property=\"og:type\" content=\"article\" \/>\n<meta property=\"og:title\" content=\"Productos para producir - BRUMI\" \/>\n<meta property=\"og:description\" content=\"De la tierra a la planta &#8211; de las motoazadas, motocultores y motosegadoras a los sacudidores &#8211; la misi\u00f3n de&nbsp; &hellip;\" \/>\n<meta property=\"og:url\" content=\"https:\/\/www.brumi.it\/es\/productos\/\" \/>\n<meta property=\"og:site_name\" content=\"BRUMI\" \/>\n<meta property=\"article:publisher\" content=\"https:\/\/www.facebook.com\/brumi1955\/\" \/>\n<meta property=\"article:modified_time\" content=\"2024-08-07T12:15:09+00:00\" \/>\n<meta name=\"twitter:card\" content=\"summary_large_image\" \/>\n<meta name=\"twitter:label1\" content=\"Tiempo de lectura\" \/>\n\t<meta name=\"twitter:data1\" content=\"1 minuto\" \/>\n<script type=\"application\/ld+json\" class=\"yoast-schema-graph\">{\"@context\":\"https:\/\/schema.org\",\"@graph\":[{\"@type\":\"WebPage\",\"@id\":\"https:\/\/www.brumi.it\/es\/productos\/\",\"url\":\"https:\/\/www.brumi.it\/es\/productos\/\",\"name\":\"Productos para producir - BRUMI\",\"isPartOf\":{\"@id\":\"https:\/\/www.brumi.it\/#website\"},\"datePublished\":\"2018-03-21T19:54:16+00:00\",\"dateModified\":\"2024-08-07T12:15:09+00:00\",\"breadcrumb\":{\"@id\":\"https:\/\/www.brumi.it\/es\/productos\/#breadcrumb\"},\"inLanguage\":\"es\",\"potentialAction\":[{\"@type\":\"ReadAction\",\"target\":[\"https:\/\/www.brumi.it\/es\/productos\/\"]}]},{\"@type\":\"BreadcrumbList\",\"@id\":\"https:\/\/www.brumi.it\/es\/productos\/#breadcrumb\",\"itemListElement\":[{\"@type\":\"ListItem\",\"position\":1,\"name\":\"Home\",\"item\":\"https:\/\/www.brumi.it\/es\/\"},{\"@type\":\"ListItem\",\"position\":2,\"name\":\"Productos para producir\"}]},{\"@type\":\"WebSite\",\"@id\":\"https:\/\/www.brumi.it\/#website\",\"url\":\"https:\/\/www.brumi.it\/\",\"name\":\"BRUMI\",\"description\":\"Macchine agricole professionali dal 1955\",\"publisher\":{\"@id\":\"https:\/\/www.brumi.it\/#organization\"},\"potentialAction\":[{\"@type\":\"SearchAction\",\"target\":{\"@type\":\"EntryPoint\",\"urlTemplate\":\"https:\/\/www.brumi.it\/?s={search_term_string}\"},\"query-input\":{\"@type\":\"PropertyValueSpecification\",\"valueRequired\":true,\"valueName\":\"search_term_string\"}}],\"inLanguage\":\"es\"},{\"@type\":\"Organization\",\"@id\":\"https:\/\/www.brumi.it\/#organization\",\"name\":\"BRUMI\",\"url\":\"https:\/\/www.brumi.it\/\",\"logo\":{\"@type\":\"ImageObject\",\"inLanguage\":\"es\",\"@id\":\"https:\/\/www.brumi.it\/#\/schema\/logo\/image\/\",\"url\":\"https:\/\/www.brumi.it\/wp-content\/uploads\/2018\/06\/logodesk.png\",\"contentUrl\":\"https:\/\/www.brumi.it\/wp-content\/uploads\/2018\/06\/logodesk.png\",\"width\":120,\"height\":61,\"caption\":\"BRUMI\"},\"image\":{\"@id\":\"https:\/\/www.brumi.it\/#\/schema\/logo\/image\/\"},\"sameAs\":[\"https:\/\/www.facebook.com\/brumi1955\/\",\"http:\/\/instagram.com\/https:\/\/www.instagram.com\/brumi1955\/\",\"https:\/\/www.linkedin.com\/company\/agris-brumi-s-r-l-\",\"https:\/\/www.youtube.com\/channel\/UCEGb_diq2woEHj-5VDkJCtQ\"]}]}<\/script>\n<!-- \/ Yoast SEO plugin. -->","yoast_head_json":{"title":"Productos para producir - BRUMI","robots":{"index":"index","follow":"follow","max-snippet":"max-snippet:-1","max-image-preview":"max-image-preview:large","max-video-preview":"max-video-preview:-1"},"canonical":"https:\/\/www.brumi.it\/es\/productos\/","og_locale":"es_ES","og_type":"article","og_title":"Productos para producir - BRUMI","og_description":"De la tierra a la planta &#8211; de las motoazadas, motocultores y motosegadoras a los sacudidores &#8211; la misi\u00f3n de&nbsp; &hellip;","og_url":"https:\/\/www.brumi.it\/es\/productos\/","og_site_name":"BRUMI","article_publisher":"https:\/\/www.facebook.com\/brumi1955\/","article_modified_time":"2024-08-07T12:15:09+00:00","twitter_card":"summary_large_image","twitter_misc":{"Tiempo de lectura":"1 minuto"},"schema":{"@context":"https:\/\/schema.org","@graph":[{"@type":"WebPage","@id":"https:\/\/www.brumi.it\/es\/productos\/","url":"https:\/\/www.brumi.it\/es\/productos\/","name":"Productos para producir - BRUMI","isPartOf":{"@id":"https:\/\/www.brumi.it\/#website"},"datePublished":"2018-03-21T19:54:16+00:00","dateModified":"2024-08-07T12:15:09+00:00","breadcrumb":{"@id":"https:\/\/www.brumi.it\/es\/productos\/#breadcrumb"},"inLanguage":"es","potentialAction":[{"@type":"ReadAction","target":["https:\/\/www.brumi.it\/es\/productos\/"]}]},{"@type":"BreadcrumbList","@id":"https:\/\/www.brumi.it\/es\/productos\/#breadcrumb","itemListElement":[{"@type":"ListItem","position":1,"name":"Home","item":"https:\/\/www.brumi.it\/es\/"},{"@type":"ListItem","position":2,"name":"Productos para producir"}]},{"@type":"WebSite","@id":"https:\/\/www.brumi.it\/#website","url":"https:\/\/www.brumi.it\/","name":"BRUMI","description":"Macchine agricole professionali dal 1955","publisher":{"@id":"https:\/\/www.brumi.it\/#organization"},"potentialAction":[{"@type":"SearchAction","target":{"@type":"EntryPoint","urlTemplate":"https:\/\/www.brumi.it\/?s={search_term_string}"},"query-input":{"@type":"PropertyValueSpecification","valueRequired":true,"valueName":"search_term_string"}}],"inLanguage":"es"},{"@type":"Organization","@id":"https:\/\/www.brumi.it\/#organization","name":"BRUMI","url":"https:\/\/www.brumi.it\/","logo":{"@type":"ImageObject","inLanguage":"es","@id":"https:\/\/www.brumi.it\/#\/schema\/logo\/image\/","url":"https:\/\/www.brumi.it\/wp-content\/uploads\/2018\/06\/logodesk.png","contentUrl":"https:\/\/www.brumi.it\/wp-content\/uploads\/2018\/06\/logodesk.png","width":120,"height":61,"caption":"BRUMI"},"image":{"@id":"https:\/\/www.brumi.it\/#\/schema\/logo\/image\/"},"sameAs":["https:\/\/www.facebook.com\/brumi1955\/","http:\/\/instagram.com\/https:\/\/www.instagram.com\/brumi1955\/","https:\/\/www.linkedin.com\/company\/agris-brumi-s-r-l-","https:\/\/www.youtube.com\/channel\/UCEGb_diq2woEHj-5VDkJCtQ"]}]}},"_links":{"self":[{"href":"https:\/\/www.brumi.it\/es\/wp-json\/wp\/v2\/pages\/4486","targetHints":{"allow":["GET"]}}],"collection":[{"href":"https:\/\/www.brumi.it\/es\/wp-json\/wp\/v2\/pages"}],"about":[{"href":"https:\/\/www.brumi.it\/es\/wp-json\/wp\/v2\/types\/page"}],"author":[{"embeddable":true,"href":"https:\/\/www.brumi.it\/es\/wp-json\/wp\/v2\/users\/1"}],"replies":[{"embeddable":true,"href":"https:\/\/www.brumi.it\/es\/wp-json\/wp\/v2\/comments?post=4486"}],"version-history":[{"count":9,"href":"https:\/\/www.brumi.it\/es\/wp-json\/wp\/v2\/pages\/4486\/revisions"}],"predecessor-version":[{"id":15790,"href":"https:\/\/www.brumi.it\/es\/wp-json\/wp\/v2\/pages\/4486\/revisions\/15790"}],"wp:attachment":[{"href":"https:\/\/www.brumi.it\/es\/wp-json\/wp\/v2\/media?parent=4486"}],"curies":[{"name":"wp","href":"https:\/\/api.w.org\/{rel}","templated":true}]}}