{"id":12501,"date":"2021-03-08T20:55:00","date_gmt":"2021-03-08T19:55:00","guid":{"rendered":"https:\/\/www.brumi.it\/productos\/potatura\/"},"modified":"2021-03-08T23:06:41","modified_gmt":"2021-03-08T22:06:41","slug":"poda","status":"publish","type":"page","link":"https:\/\/www.brumi.it\/es\/productos\/poda\/","title":{"rendered":"Poda"},"content":{"rendered":"<p>El conjunto de t\u00e9cnicas que m\u00e1s incide en la cantidad y calidad de la producci\u00f3n agr\u00edcola. Tijeras, podadoras profesionales, atadoras: las herramientas adecuadas para un trabajo eficiente y profesional, que garantiza un desarrollo equilibrado de la planta.<\/p>\n","protected":false},"excerpt":{"rendered":"<p>El conjunto de t\u00e9cnicas que m\u00e1s incide en la cantidad y calidad de la producci\u00f3n agr\u00edcola. Tijeras, podadoras profesionales, atadoras:&nbsp; &hellip; <\/p>\n","protected":false},"author":1,"featured_media":15959,"parent":4486,"menu_order":0,"comment_status":"closed","ping_status":"closed","template":"page-potatura.php","meta":{"content-type":"","footnotes":""},"class_list":["post-12501","page","type-page","status-publish","has-post-thumbnail","hentry"],"yoast_head":"<!-- This site is optimized with the Yoast SEO plugin v26.5 - https:\/\/yoast.com\/wordpress\/plugins\/seo\/ -->\n<title>Poda - BRUMI<\/title>\n<meta name=\"robots\" content=\"index, follow, max-snippet:-1, max-image-preview:large, max-video-preview:-1\" \/>\n<link rel=\"canonical\" href=\"https:\/\/www.brumi.it\/es\/productos\/poda\/\" \/>\n<meta property=\"og:locale\" content=\"es_ES\" \/>\n<meta property=\"og:type\" content=\"article\" \/>\n<meta property=\"og:title\" content=\"Poda - BRUMI\" \/>\n<meta property=\"og:description\" content=\"El conjunto de t\u00e9cnicas que m\u00e1s incide en la cantidad y calidad de la producci\u00f3n agr\u00edcola. Tijeras, podadoras profesionales, atadoras:&nbsp; &hellip;\" \/>\n<meta property=\"og:url\" content=\"https:\/\/www.brumi.it\/es\/productos\/poda\/\" \/>\n<meta property=\"og:site_name\" content=\"BRUMI\" \/>\n<meta property=\"article:publisher\" content=\"https:\/\/www.facebook.com\/brumi1955\/\" \/>\n<meta property=\"article:modified_time\" content=\"2021-03-08T22:06:41+00:00\" \/>\n<meta name=\"twitter:card\" content=\"summary_large_image\" \/>\n<script type=\"application\/ld+json\" class=\"yoast-schema-graph\">{\"@context\":\"https:\/\/schema.org\",\"@graph\":[{\"@type\":\"WebPage\",\"@id\":\"https:\/\/www.brumi.it\/es\/productos\/poda\/\",\"url\":\"https:\/\/www.brumi.it\/es\/productos\/poda\/\",\"name\":\"Poda - BRUMI\",\"isPartOf\":{\"@id\":\"https:\/\/www.brumi.it\/#website\"},\"primaryImageOfPage\":{\"@id\":\"https:\/\/www.brumi.it\/es\/productos\/poda\/#primaryimage\"},\"image\":{\"@id\":\"https:\/\/www.brumi.it\/es\/productos\/poda\/#primaryimage\"},\"thumbnailUrl\":\"https:\/\/www.brumi.it\/wp-content\/uploads\/2022\/06\/potatura-heading-def.jpg\",\"datePublished\":\"2021-03-08T19:55:00+00:00\",\"dateModified\":\"2021-03-08T22:06:41+00:00\",\"breadcrumb\":{\"@id\":\"https:\/\/www.brumi.it\/es\/productos\/poda\/#breadcrumb\"},\"inLanguage\":\"es\",\"potentialAction\":[{\"@type\":\"ReadAction\",\"target\":[\"https:\/\/www.brumi.it\/es\/productos\/poda\/\"]}]},{\"@type\":\"ImageObject\",\"inLanguage\":\"es\",\"@id\":\"https:\/\/www.brumi.it\/es\/productos\/poda\/#primaryimage\",\"url\":\"https:\/\/www.brumi.it\/wp-content\/uploads\/2022\/06\/potatura-heading-def.jpg\",\"contentUrl\":\"https:\/\/www.brumi.it\/wp-content\/uploads\/2022\/06\/potatura-heading-def.jpg\",\"width\":1922,\"height\":662},{\"@type\":\"BreadcrumbList\",\"@id\":\"https:\/\/www.brumi.it\/es\/productos\/poda\/#breadcrumb\",\"itemListElement\":[{\"@type\":\"ListItem\",\"position\":1,\"name\":\"Home\",\"item\":\"https:\/\/www.brumi.it\/es\/\"},{\"@type\":\"ListItem\",\"position\":2,\"name\":\"Productos para producir\",\"item\":\"https:\/\/www.brumi.it\/es\/productos\/\"},{\"@type\":\"ListItem\",\"position\":3,\"name\":\"Poda\"}]},{\"@type\":\"WebSite\",\"@id\":\"https:\/\/www.brumi.it\/#website\",\"url\":\"https:\/\/www.brumi.it\/\",\"name\":\"BRUMI\",\"description\":\"Macchine agricole professionali dal 1955\",\"publisher\":{\"@id\":\"https:\/\/www.brumi.it\/#organization\"},\"potentialAction\":[{\"@type\":\"SearchAction\",\"target\":{\"@type\":\"EntryPoint\",\"urlTemplate\":\"https:\/\/www.brumi.it\/?s={search_term_string}\"},\"query-input\":{\"@type\":\"PropertyValueSpecification\",\"valueRequired\":true,\"valueName\":\"search_term_string\"}}],\"inLanguage\":\"es\"},{\"@type\":\"Organization\",\"@id\":\"https:\/\/www.brumi.it\/#organization\",\"name\":\"BRUMI\",\"url\":\"https:\/\/www.brumi.it\/\",\"logo\":{\"@type\":\"ImageObject\",\"inLanguage\":\"es\",\"@id\":\"https:\/\/www.brumi.it\/#\/schema\/logo\/image\/\",\"url\":\"https:\/\/www.brumi.it\/wp-content\/uploads\/2018\/06\/logodesk.png\",\"contentUrl\":\"https:\/\/www.brumi.it\/wp-content\/uploads\/2018\/06\/logodesk.png\",\"width\":120,\"height\":61,\"caption\":\"BRUMI\"},\"image\":{\"@id\":\"https:\/\/www.brumi.it\/#\/schema\/logo\/image\/\"},\"sameAs\":[\"https:\/\/www.facebook.com\/brumi1955\/\",\"http:\/\/instagram.com\/https:\/\/www.instagram.com\/brumi1955\/\",\"https:\/\/www.linkedin.com\/company\/agris-brumi-s-r-l-\",\"https:\/\/www.youtube.com\/channel\/UCEGb_diq2woEHj-5VDkJCtQ\"]}]}<\/script>\n<!-- \/ Yoast SEO plugin. -->","yoast_head_json":{"title":"Poda - BRUMI","robots":{"index":"index","follow":"follow","max-snippet":"max-snippet:-1","max-image-preview":"max-image-preview:large","max-video-preview":"max-video-preview:-1"},"canonical":"https:\/\/www.brumi.it\/es\/productos\/poda\/","og_locale":"es_ES","og_type":"article","og_title":"Poda - BRUMI","og_description":"El conjunto de t\u00e9cnicas que m\u00e1s incide en la cantidad y calidad de la producci\u00f3n agr\u00edcola. Tijeras, podadoras profesionales, atadoras:&nbsp; &hellip;","og_url":"https:\/\/www.brumi.it\/es\/productos\/poda\/","og_site_name":"BRUMI","article_publisher":"https:\/\/www.facebook.com\/brumi1955\/","article_modified_time":"2021-03-08T22:06:41+00:00","twitter_card":"summary_large_image","schema":{"@context":"https:\/\/schema.org","@graph":[{"@type":"WebPage","@id":"https:\/\/www.brumi.it\/es\/productos\/poda\/","url":"https:\/\/www.brumi.it\/es\/productos\/poda\/","name":"Poda - BRUMI","isPartOf":{"@id":"https:\/\/www.brumi.it\/#website"},"primaryImageOfPage":{"@id":"https:\/\/www.brumi.it\/es\/productos\/poda\/#primaryimage"},"image":{"@id":"https:\/\/www.brumi.it\/es\/productos\/poda\/#primaryimage"},"thumbnailUrl":"https:\/\/www.brumi.it\/wp-content\/uploads\/2022\/06\/potatura-heading-def.jpg","datePublished":"2021-03-08T19:55:00+00:00","dateModified":"2021-03-08T22:06:41+00:00","breadcrumb":{"@id":"https:\/\/www.brumi.it\/es\/productos\/poda\/#breadcrumb"},"inLanguage":"es","potentialAction":[{"@type":"ReadAction","target":["https:\/\/www.brumi.it\/es\/productos\/poda\/"]}]},{"@type":"ImageObject","inLanguage":"es","@id":"https:\/\/www.brumi.it\/es\/productos\/poda\/#primaryimage","url":"https:\/\/www.brumi.it\/wp-content\/uploads\/2022\/06\/potatura-heading-def.jpg","contentUrl":"https:\/\/www.brumi.it\/wp-content\/uploads\/2022\/06\/potatura-heading-def.jpg","width":1922,"height":662},{"@type":"BreadcrumbList","@id":"https:\/\/www.brumi.it\/es\/productos\/poda\/#breadcrumb","itemListElement":[{"@type":"ListItem","position":1,"name":"Home","item":"https:\/\/www.brumi.it\/es\/"},{"@type":"ListItem","position":2,"name":"Productos para producir","item":"https:\/\/www.brumi.it\/es\/productos\/"},{"@type":"ListItem","position":3,"name":"Poda"}]},{"@type":"WebSite","@id":"https:\/\/www.brumi.it\/#website","url":"https:\/\/www.brumi.it\/","name":"BRUMI","description":"Macchine agricole professionali dal 1955","publisher":{"@id":"https:\/\/www.brumi.it\/#organization"},"potentialAction":[{"@type":"SearchAction","target":{"@type":"EntryPoint","urlTemplate":"https:\/\/www.brumi.it\/?s={search_term_string}"},"query-input":{"@type":"PropertyValueSpecification","valueRequired":true,"valueName":"search_term_string"}}],"inLanguage":"es"},{"@type":"Organization","@id":"https:\/\/www.brumi.it\/#organization","name":"BRUMI","url":"https:\/\/www.brumi.it\/","logo":{"@type":"ImageObject","inLanguage":"es","@id":"https:\/\/www.brumi.it\/#\/schema\/logo\/image\/","url":"https:\/\/www.brumi.it\/wp-content\/uploads\/2018\/06\/logodesk.png","contentUrl":"https:\/\/www.brumi.it\/wp-content\/uploads\/2018\/06\/logodesk.png","width":120,"height":61,"caption":"BRUMI"},"image":{"@id":"https:\/\/www.brumi.it\/#\/schema\/logo\/image\/"},"sameAs":["https:\/\/www.facebook.com\/brumi1955\/","http:\/\/instagram.com\/https:\/\/www.instagram.com\/brumi1955\/","https:\/\/www.linkedin.com\/company\/agris-brumi-s-r-l-","https:\/\/www.youtube.com\/channel\/UCEGb_diq2woEHj-5VDkJCtQ"]}]}},"_links":{"self":[{"href":"https:\/\/www.brumi.it\/es\/wp-json\/wp\/v2\/pages\/12501","targetHints":{"allow":["GET"]}}],"collection":[{"href":"https:\/\/www.brumi.it\/es\/wp-json\/wp\/v2\/pages"}],"about":[{"href":"https:\/\/www.brumi.it\/es\/wp-json\/wp\/v2\/types\/page"}],"author":[{"embeddable":true,"href":"https:\/\/www.brumi.it\/es\/wp-json\/wp\/v2\/users\/1"}],"replies":[{"embeddable":true,"href":"https:\/\/www.brumi.it\/es\/wp-json\/wp\/v2\/comments?post=12501"}],"version-history":[{"count":2,"href":"https:\/\/www.brumi.it\/es\/wp-json\/wp\/v2\/pages\/12501\/revisions"}],"predecessor-version":[{"id":12533,"href":"https:\/\/www.brumi.it\/es\/wp-json\/wp\/v2\/pages\/12501\/revisions\/12533"}],"up":[{"embeddable":true,"href":"https:\/\/www.brumi.it\/es\/wp-json\/wp\/v2\/pages\/4486"}],"wp:featuredmedia":[{"embeddable":true,"href":"https:\/\/www.brumi.it\/es\/wp-json\/wp\/v2\/media\/15959"}],"wp:attachment":[{"href":"https:\/\/www.brumi.it\/es\/wp-json\/wp\/v2\/media?parent=12501"}],"curies":[{"name":"wp","href":"https:\/\/api.w.org\/{rel}","templated":true}]}}